{"id":881,"date":"2024-08-12T10:16:06","date_gmt":"2024-08-12T08:16:06","guid":{"rendered":"https:\/\/www.esko.dk\/competencies\/cnc-turning\/"},"modified":"2024-09-12T08:26:24","modified_gmt":"2024-09-12T06:26:24","slug":"cnc-turning","status":"publish","type":"page","link":"https:\/\/www.esko.dk\/en\/competencies\/cnc-turning\/","title":{"rendered":"CNC Turning"},"content":{"rendered":"<p><div class=\"fusion-fullwidth fullwidth-box fusion-builder-row-1 fusion-flex-container has-pattern-background has-mask-background fusion-parallax-none nonhundred-percent-fullwidth non-hundred-percent-height-scrolling\" style=\"--awb-background-blend-mode:multiply;--awb-border-radius-top-left:0px;--awb-border-radius-top-right:0px;--awb-border-radius-bottom-right:0px;--awb-border-radius-bottom-left:0px;--awb-padding-top:10%;--awb-padding-bottom:10%;--awb-background-image:linear-gradient(90deg, var(--awb-color4) 0%,rgba(255,255,255,0) 100%),url(https:\/\/www.esko.dk\/wp-content\/uploads\/2024\/09\/esko_cnc_drejning.jpg);;--awb-background-size:cover;--awb-flex-wrap:wrap;\" ><div class=\"fusion-builder-row fusion-row fusion-flex-align-items-flex-start fusion-flex-content-wrap\" style=\"max-width:1404px;margin-left: calc(-4% \/ 2 );margin-right: calc(-4% \/ 2 );\"><div class=\"fusion-layout-column fusion_builder_column fusion-builder-column-0 fusion_builder_column_3_5 3_5 fusion-flex-column fusion-animated\" style=\"--awb-bg-size:cover;--awb-width-large:60%;--awb-margin-top-large:0px;--awb-spacing-right-large:3.2%;--awb-margin-bottom-large:20px;--awb-spacing-left-large:3.2%;--awb-width-medium:60%;--awb-order-medium:0;--awb-spacing-right-medium:3.2%;--awb-spacing-left-medium:3.2%;--awb-width-small:100%;--awb-order-small:0;--awb-spacing-right-small:1.92%;--awb-spacing-left-small:1.92%;\" data-animationType=\"fadeInLeft\" data-animationDuration=\"0.3\" data-animationOffset=\"top-into-view\"><div class=\"fusion-column-wrapper fusion-column-has-shadow fusion-flex-justify-content-flex-start fusion-content-layout-column\"><div class=\"fusion-title title fusion-title-1 fusion-sep-none fusion-title-text fusion-title-size-two\" style=\"--awb-text-color:var(--awb-color1);\"><h2 class=\"fusion-title-heading title-heading-left fusion-responsive-typography-calculated\" style=\"margin:0;--fontSize:48;line-height:var(--awb-typography1-line-height);\">CNC Turning<\/h2><\/div><\/div><\/div><div class=\"fusion-layout-column fusion_builder_column fusion-builder-column-1 fusion_builder_column_1_2 1_2 fusion-flex-column fusion-animated\" style=\"--awb-bg-size:cover;--awb-width-large:50%;--awb-margin-top-large:0px;--awb-spacing-right-large:3.84%;--awb-margin-bottom-large:20px;--awb-spacing-left-large:3.84%;--awb-width-medium:50%;--awb-order-medium:0;--awb-spacing-right-medium:3.84%;--awb-spacing-left-medium:3.84%;--awb-width-small:100%;--awb-order-small:0;--awb-spacing-right-small:1.92%;--awb-spacing-left-small:1.92%;\" data-animationType=\"fadeInLeft\" data-animationDuration=\"0.3\" data-animationDelay=\"0.3\" data-animationOffset=\"top-into-view\"><div class=\"fusion-column-wrapper fusion-column-has-shadow fusion-flex-justify-content-flex-start fusion-content-layout-column\"><div class=\"fusion-text fusion-text-1\" style=\"--awb-text-color:var(--awb-color1);\"><p>At Esko A\/S, we specialize in precise and consistent CNC turning, enabling the production of complex parts in both metal and other materials. Our modern CNC lathes, equipped with advanced automation, ensure high efficiency and uniformity in production. We can handle turning diameters from 6 mm to 650 mm and turning lengths up to 2000 mm. Our skilled industrial technicians and designers are ready to assist with everything from single tasks to series production, where only imagination sets the limits for complexity.<\/p>\n<\/div><\/div><\/div><\/div><\/div><div class=\"fusion-fullwidth fullwidth-box fusion-builder-row-2 fusion-flex-container has-pattern-background has-mask-background nonhundred-percent-fullwidth non-hundred-percent-height-scrolling\" style=\"--awb-border-radius-top-left:0px;--awb-border-radius-top-right:0px;--awb-border-radius-bottom-right:0px;--awb-border-radius-bottom-left:0px;--awb-padding-top:80px;--awb-padding-bottom:60px;--awb-flex-wrap:wrap;\" ><div class=\"fusion-builder-row fusion-row fusion-flex-align-items-flex-start fusion-flex-content-wrap\" style=\"max-width:1404px;margin-left: calc(-4% \/ 2 );margin-right: calc(-4% \/ 2 );\"><div class=\"fusion-layout-column fusion_builder_column fusion-builder-column-2 fusion_builder_column_1_2 1_2 fusion-flex-column fusion-animated\" style=\"--awb-bg-size:cover;--awb-width-large:50%;--awb-margin-top-large:0px;--awb-spacing-right-large:3.84%;--awb-margin-bottom-large:20px;--awb-spacing-left-large:3.84%;--awb-width-medium:50%;--awb-order-medium:0;--awb-spacing-right-medium:3.84%;--awb-spacing-left-medium:3.84%;--awb-width-small:100%;--awb-order-small:0;--awb-spacing-right-small:1.92%;--awb-spacing-left-small:1.92%;\" data-animationType=\"fadeInRight\" data-animationDuration=\"0.3\" data-animationDelay=\"0.3\" data-animationOffset=\"top-into-view\"><div class=\"fusion-column-wrapper fusion-column-has-shadow fusion-flex-justify-content-flex-start fusion-content-layout-column\"><div class=\"fusion-title title fusion-title-2 fusion-sep-none fusion-title-text fusion-title-size-two\"><h2 class=\"fusion-title-heading title-heading-left fusion-responsive-typography-calculated\" style=\"margin:0;--fontSize:48;line-height:var(--awb-typography1-line-height);\">CAD\/CAM Technology<\/h2><\/div><div class=\"fusion-text fusion-text-2\"><p>Using advanced CAD\/CAM software, we can design and simulate the production of your components in 3D. This technology ensures high precision and quality, allowing us to optimize production and minimize errors, saving time and costs. CAD (Computer-Aided Design) and CAM (Computer-Aided Manufacturing) work together to create a seamless transition from design to manufacturing.   Our large raw material inventory and flexible production capacity mean we can quickly turn your ideas into reality.<\/p>\n<\/div><\/div><\/div><div class=\"fusion-layout-column fusion_builder_column fusion-builder-column-3 fusion_builder_column_1_2 1_2 fusion-flex-column\" style=\"--awb-bg-size:cover;--awb-width-large:50%;--awb-margin-top-large:0px;--awb-spacing-right-large:3.84%;--awb-margin-bottom-large:20px;--awb-spacing-left-large:3.84%;--awb-width-medium:50%;--awb-order-medium:0;--awb-spacing-right-medium:3.84%;--awb-spacing-left-medium:3.84%;--awb-width-small:100%;--awb-order-small:0;--awb-spacing-right-small:1.92%;--awb-spacing-left-small:1.92%;\"><div class=\"fusion-column-wrapper fusion-column-has-shadow fusion-flex-justify-content-flex-start fusion-content-layout-column\"><div class=\"fusion-title title fusion-title-3 fusion-sep-none fusion-title-text fusion-title-size-two\" style=\"--awb-font-size:30px;\"><h2 class=\"fusion-title-heading title-heading-left fusion-responsive-typography-calculated\" style=\"margin:0;font-size:1em;--fontSize:30;line-height:var(--awb-typography1-line-height);\">Products and Capacities<\/h2><\/div><div class=\"fusion-text fusion-text-3\"><p>We manufacture a wide range of products, including:<\/p>\n<\/div><ul style=\"--awb-line-height:27.2px;--awb-icon-width:27.2px;--awb-icon-height:27.2px;--awb-icon-margin:11.2px;--awb-content-margin:38.4px;--awb-circlecolor:var(--awb-color5);--awb-circle-yes-font-size:14.08px;\" class=\"fusion-checklist fusion-checklist-1 fusion-checklist-default type-icons\"><li class=\"fusion-li-item\" style=\"\"><span class=\"icon-wrapper circle-yes\"><i class=\"fusion-li-icon awb-icon-check\" aria-hidden=\"true\"><\/i><\/span><div class=\"fusion-li-item-content\">\n<p>Flanges<\/p>\n<\/div><\/li><li class=\"fusion-li-item\" style=\"\"><span class=\"icon-wrapper circle-yes\"><i class=\"fusion-li-icon awb-icon-check\" aria-hidden=\"true\"><\/i><\/span><div class=\"fusion-li-item-content\">\n<p>Gear housings<\/p>\n<\/div><\/li><li class=\"fusion-li-item\" style=\"\"><span class=\"icon-wrapper circle-yes\"><i class=\"fusion-li-icon awb-icon-check\" aria-hidden=\"true\"><\/i><\/span><div class=\"fusion-li-item-content\">\n<p>Shafts<\/p>\n<\/div><\/li><li class=\"fusion-li-item\" style=\"\"><span class=\"icon-wrapper circle-yes\"><i class=\"fusion-li-icon awb-icon-check\" aria-hidden=\"true\"><\/i><\/span><div class=\"fusion-li-item-content\">\n<p>Special gears<\/p>\n<\/div><\/li><\/ul><\/div><\/div><\/div><\/div><div class=\"fusion-fullwidth fullwidth-box fusion-builder-row-3 fusion-flex-container has-pattern-background has-mask-background nonhundred-percent-fullwidth non-hundred-percent-height-scrolling fusion-custom-z-index\" style=\"--awb-border-radius-top-left:0px;--awb-border-radius-top-right:0px;--awb-border-radius-bottom-right:0px;--awb-border-radius-bottom-left:0px;--awb-z-index:99;--awb-padding-top:80px;--awb-padding-bottom:60px;--awb-background-color:var(--awb-color5);--awb-flex-wrap:wrap;\" ><div class=\"fusion-builder-row fusion-row fusion-flex-align-items-center fusion-flex-justify-content-center fusion-flex-content-wrap\" style=\"max-width:1404px;margin-left: calc(-4% \/ 2 );margin-right: calc(-4% \/ 2 );\"><div class=\"fusion-layout-column fusion_builder_column fusion-builder-column-4 fusion_builder_column_1_1 1_1 fusion-flex-column\" style=\"--awb-bg-size:cover;--awb-width-large:100%;--awb-margin-top-large:0px;--awb-spacing-right-large:1.92%;--awb-margin-bottom-large:20px;--awb-spacing-left-large:1.92%;--awb-width-medium:100%;--awb-order-medium:0;--awb-spacing-right-medium:1.92%;--awb-spacing-left-medium:1.92%;--awb-width-small:100%;--awb-order-small:0;--awb-spacing-right-small:1.92%;--awb-spacing-left-small:1.92%;\"><div class=\"fusion-column-wrapper fusion-column-has-shadow fusion-flex-justify-content-flex-start fusion-content-layout-column\"><div class=\"fusion-title title fusion-title-4 fusion-sep-none fusion-title-center fusion-title-text fusion-title-size-two\" style=\"--awb-font-size:30px;\"><h2 class=\"fusion-title-heading title-heading-center fusion-responsive-typography-calculated\" style=\"margin:0;font-size:1em;--fontSize:30;line-height:var(--awb-typography1-line-height);\">Kontakt os i dag for at h\u00f8re mere om, hvordan vi kan hj\u00e6lpe med jeres CNC-drejeopgaver. Vi st\u00e5r klar til at besvare jeres sp\u00f8rgsm\u00e5l og tilbyde skr\u00e6ddersyede l\u00f8sninger.<\/h2><\/div><\/div><\/div><div class=\"fusion-layout-column fusion_builder_column fusion-builder-column-5 fusion_builder_column_3_4 3_4 fusion-flex-column\" style=\"--awb-bg-size:cover;--awb-width-large:75%;--awb-margin-top-large:0px;--awb-spacing-right-large:2.56%;--awb-margin-bottom-large:20px;--awb-spacing-left-large:2.56%;--awb-width-medium:75%;--awb-order-medium:0;--awb-spacing-right-medium:2.56%;--awb-spacing-left-medium:2.56%;--awb-width-small:100%;--awb-order-small:0;--awb-spacing-right-small:1.92%;--awb-spacing-left-small:1.92%;\"><div class=\"fusion-column-wrapper fusion-column-has-shadow fusion-flex-justify-content-center fusion-content-layout-row\"><div ><a class=\"fusion-button button-flat button-xlarge button-custom fusion-button-default button-1 fusion-button-default-span fusion-button-default-type awb-b-icon-pos-left\" style=\"--button_accent_color:var(--awb-color1);--button_border_color:var(--awb-color8);--button_accent_hover_color:var(--awb-color8);--button_border_hover_color:var(--awb-color8);--button_border_width-top:2px;--button_border_width-right:2px;--button_border_width-bottom:2px;--button_border_width-left:2px;--button_gradient_top_color:var(--awb-color8);--button_gradient_bottom_color:var(--awb-color8);--button_gradient_top_color_hover:var(--awb-color5);--button_gradient_bottom_color_hover:var(--awb-color5);--button_margin-right:20px;--button_margin-bottom:20px;--button_margin-left:20px;\" target=\"_self\" data-hover=\"icon_position\" href=\"tel:+4598180591\"><i class=\"fa-mobile-alt fas button-icon-left\" aria-hidden=\"true\"><\/i><i class=\"fa-mobile-alt fas button-icon-left\" aria-hidden=\"true\"><\/i><span class=\"fusion-button-text\">Call now at +45 9818 0591<\/span><\/a><\/div><\/div><\/div><\/div><\/div><\/p>\n","protected":false},"excerpt":{"rendered":"","protected":false},"author":1,"featured_media":1096,"parent":870,"menu_order":0,"comment_status":"closed","ping_status":"closed","template":"100-width.php","meta":{"footnotes":""},"class_list":["post-881","page","type-page","status-publish","has-post-thumbnail","hentry"],"yoast_head":"<!-- This site is optimized with the Yoast SEO plugin v23.3 - https:\/\/yoast.com\/wordpress\/plugins\/seo\/ -->\n<title>CNC Turning - Esko<\/title>\n<meta name=\"robots\" content=\"index, follow, max-snippet:-1, max-image-preview:large, max-video-preview:-1\" \/>\n<link rel=\"canonical\" href=\"https:\/\/www.esko.dk\/en\/competencies\/cnc-turning\/\" \/>\n<meta property=\"og:locale\" content=\"en_US\" \/>\n<meta property=\"og:type\" content=\"article\" \/>\n<meta property=\"og:title\" content=\"CNC Turning - Esko\" \/>\n<meta property=\"og:url\" content=\"https:\/\/www.esko.dk\/en\/competencies\/cnc-turning\/\" \/>\n<meta property=\"og:site_name\" content=\"Esko\" \/>\n<meta property=\"article:publisher\" content=\"https:\/\/www.facebook.com\/maskinfabrikkenesko\" \/>\n<meta property=\"article:modified_time\" content=\"2024-09-12T06:26:24+00:00\" \/>\n<meta property=\"og:image\" content=\"https:\/\/www.esko.dk\/wp-content\/uploads\/2024\/09\/esko_cnc_drejning.jpg\" \/>\n\t<meta property=\"og:image:width\" content=\"1920\" \/>\n\t<meta property=\"og:image:height\" content=\"1281\" \/>\n\t<meta property=\"og:image:type\" content=\"image\/jpeg\" \/>\n<meta name=\"twitter:card\" content=\"summary_large_image\" \/>\n<meta name=\"twitter:label1\" content=\"Est. reading time\" \/>\n\t<meta name=\"twitter:data1\" content=\"16 minutes\" \/>\n<script type=\"application\/ld+json\" class=\"yoast-schema-graph\">{\"@context\":\"https:\/\/schema.org\",\"@graph\":[{\"@type\":\"WebPage\",\"@id\":\"https:\/\/www.esko.dk\/en\/competencies\/cnc-turning\/\",\"url\":\"https:\/\/www.esko.dk\/en\/competencies\/cnc-turning\/\",\"name\":\"CNC Turning - Esko\",\"isPartOf\":{\"@id\":\"https:\/\/www.esko.dk\/en\/#website\"},\"primaryImageOfPage\":{\"@id\":\"https:\/\/www.esko.dk\/en\/competencies\/cnc-turning\/#primaryimage\"},\"image\":{\"@id\":\"https:\/\/www.esko.dk\/en\/competencies\/cnc-turning\/#primaryimage\"},\"thumbnailUrl\":\"https:\/\/www.esko.dk\/wp-content\/uploads\/2024\/09\/esko_cnc_drejning.jpg\",\"datePublished\":\"2024-08-12T08:16:06+00:00\",\"dateModified\":\"2024-09-12T06:26:24+00:00\",\"breadcrumb\":{\"@id\":\"https:\/\/www.esko.dk\/en\/competencies\/cnc-turning\/#breadcrumb\"},\"inLanguage\":\"en-US\",\"potentialAction\":[{\"@type\":\"ReadAction\",\"target\":[\"https:\/\/www.esko.dk\/en\/competencies\/cnc-turning\/\"]}]},{\"@type\":\"ImageObject\",\"inLanguage\":\"en-US\",\"@id\":\"https:\/\/www.esko.dk\/en\/competencies\/cnc-turning\/#primaryimage\",\"url\":\"https:\/\/www.esko.dk\/wp-content\/uploads\/2024\/09\/esko_cnc_drejning.jpg\",\"contentUrl\":\"https:\/\/www.esko.dk\/wp-content\/uploads\/2024\/09\/esko_cnc_drejning.jpg\",\"width\":1920,\"height\":1281},{\"@type\":\"BreadcrumbList\",\"@id\":\"https:\/\/www.esko.dk\/en\/competencies\/cnc-turning\/#breadcrumb\",\"itemListElement\":[{\"@type\":\"ListItem\",\"position\":1,\"name\":\"Hjem\",\"item\":\"https:\/\/www.esko.dk\/en\/esko\/\"},{\"@type\":\"ListItem\",\"position\":2,\"name\":\"Competencies\",\"item\":\"https:\/\/www.esko.dk\/en\/competencies\/\"},{\"@type\":\"ListItem\",\"position\":3,\"name\":\"CNC Turning\"}]},{\"@type\":\"WebSite\",\"@id\":\"https:\/\/www.esko.dk\/en\/#website\",\"url\":\"https:\/\/www.esko.dk\/en\/\",\"name\":\"Esko\",\"description\":\"Pr\u00e6cision, id\u00e9 og produktion\",\"publisher\":{\"@id\":\"https:\/\/www.esko.dk\/en\/#organization\"},\"alternateName\":\"Esko\",\"potentialAction\":[{\"@type\":\"SearchAction\",\"target\":{\"@type\":\"EntryPoint\",\"urlTemplate\":\"https:\/\/www.esko.dk\/en\/?s={search_term_string}\"},\"query-input\":\"required name=search_term_string\"}],\"inLanguage\":\"en-US\"},{\"@type\":\"Organization\",\"@id\":\"https:\/\/www.esko.dk\/en\/#organization\",\"name\":\"Esko\",\"url\":\"https:\/\/www.esko.dk\/en\/\",\"logo\":{\"@type\":\"ImageObject\",\"inLanguage\":\"en-US\",\"@id\":\"https:\/\/www.esko.dk\/en\/#\/schema\/logo\/image\/\",\"url\":\"https:\/\/www.esko.dk\/wp-content\/uploads\/2024\/08\/ESKO-logo.svg\",\"contentUrl\":\"https:\/\/www.esko.dk\/wp-content\/uploads\/2024\/08\/ESKO-logo.svg\",\"width\":300,\"height\":86,\"caption\":\"Esko\"},\"image\":{\"@id\":\"https:\/\/www.esko.dk\/en\/#\/schema\/logo\/image\/\"},\"sameAs\":[\"https:\/\/www.facebook.com\/maskinfabrikkenesko\",\"https:\/\/www.youtube.com\/@maskinfabrikkeneskoas1123\"]}]}<\/script>\n<!-- \/ Yoast SEO plugin. -->","yoast_head_json":{"title":"CNC Turning - Esko","robots":{"index":"index","follow":"follow","max-snippet":"max-snippet:-1","max-image-preview":"max-image-preview:large","max-video-preview":"max-video-preview:-1"},"canonical":"https:\/\/www.esko.dk\/en\/competencies\/cnc-turning\/","og_locale":"en_US","og_type":"article","og_title":"CNC Turning - Esko","og_url":"https:\/\/www.esko.dk\/en\/competencies\/cnc-turning\/","og_site_name":"Esko","article_publisher":"https:\/\/www.facebook.com\/maskinfabrikkenesko","article_modified_time":"2024-09-12T06:26:24+00:00","og_image":[{"width":1920,"height":1281,"url":"https:\/\/www.esko.dk\/wp-content\/uploads\/2024\/09\/esko_cnc_drejning.jpg","type":"image\/jpeg"}],"twitter_card":"summary_large_image","twitter_misc":{"Est. reading time":"16 minutes"},"schema":{"@context":"https:\/\/schema.org","@graph":[{"@type":"WebPage","@id":"https:\/\/www.esko.dk\/en\/competencies\/cnc-turning\/","url":"https:\/\/www.esko.dk\/en\/competencies\/cnc-turning\/","name":"CNC Turning - Esko","isPartOf":{"@id":"https:\/\/www.esko.dk\/en\/#website"},"primaryImageOfPage":{"@id":"https:\/\/www.esko.dk\/en\/competencies\/cnc-turning\/#primaryimage"},"image":{"@id":"https:\/\/www.esko.dk\/en\/competencies\/cnc-turning\/#primaryimage"},"thumbnailUrl":"https:\/\/www.esko.dk\/wp-content\/uploads\/2024\/09\/esko_cnc_drejning.jpg","datePublished":"2024-08-12T08:16:06+00:00","dateModified":"2024-09-12T06:26:24+00:00","breadcrumb":{"@id":"https:\/\/www.esko.dk\/en\/competencies\/cnc-turning\/#breadcrumb"},"inLanguage":"en-US","potentialAction":[{"@type":"ReadAction","target":["https:\/\/www.esko.dk\/en\/competencies\/cnc-turning\/"]}]},{"@type":"ImageObject","inLanguage":"en-US","@id":"https:\/\/www.esko.dk\/en\/competencies\/cnc-turning\/#primaryimage","url":"https:\/\/www.esko.dk\/wp-content\/uploads\/2024\/09\/esko_cnc_drejning.jpg","contentUrl":"https:\/\/www.esko.dk\/wp-content\/uploads\/2024\/09\/esko_cnc_drejning.jpg","width":1920,"height":1281},{"@type":"BreadcrumbList","@id":"https:\/\/www.esko.dk\/en\/competencies\/cnc-turning\/#breadcrumb","itemListElement":[{"@type":"ListItem","position":1,"name":"Hjem","item":"https:\/\/www.esko.dk\/en\/esko\/"},{"@type":"ListItem","position":2,"name":"Competencies","item":"https:\/\/www.esko.dk\/en\/competencies\/"},{"@type":"ListItem","position":3,"name":"CNC Turning"}]},{"@type":"WebSite","@id":"https:\/\/www.esko.dk\/en\/#website","url":"https:\/\/www.esko.dk\/en\/","name":"Esko","description":"Pr\u00e6cision, id\u00e9 og produktion","publisher":{"@id":"https:\/\/www.esko.dk\/en\/#organization"},"alternateName":"Esko","potentialAction":[{"@type":"SearchAction","target":{"@type":"EntryPoint","urlTemplate":"https:\/\/www.esko.dk\/en\/?s={search_term_string}"},"query-input":"required name=search_term_string"}],"inLanguage":"en-US"},{"@type":"Organization","@id":"https:\/\/www.esko.dk\/en\/#organization","name":"Esko","url":"https:\/\/www.esko.dk\/en\/","logo":{"@type":"ImageObject","inLanguage":"en-US","@id":"https:\/\/www.esko.dk\/en\/#\/schema\/logo\/image\/","url":"https:\/\/www.esko.dk\/wp-content\/uploads\/2024\/08\/ESKO-logo.svg","contentUrl":"https:\/\/www.esko.dk\/wp-content\/uploads\/2024\/08\/ESKO-logo.svg","width":300,"height":86,"caption":"Esko"},"image":{"@id":"https:\/\/www.esko.dk\/en\/#\/schema\/logo\/image\/"},"sameAs":["https:\/\/www.facebook.com\/maskinfabrikkenesko","https:\/\/www.youtube.com\/@maskinfabrikkeneskoas1123"]}]}},"_links":{"self":[{"href":"https:\/\/www.esko.dk\/en\/wp-json\/wp\/v2\/pages\/881","targetHints":{"allow":["GET"]}}],"collection":[{"href":"https:\/\/www.esko.dk\/en\/wp-json\/wp\/v2\/pages"}],"about":[{"href":"https:\/\/www.esko.dk\/en\/wp-json\/wp\/v2\/types\/page"}],"author":[{"embeddable":true,"href":"https:\/\/www.esko.dk\/en\/wp-json\/wp\/v2\/users\/1"}],"replies":[{"embeddable":true,"href":"https:\/\/www.esko.dk\/en\/wp-json\/wp\/v2\/comments?post=881"}],"version-history":[{"count":8,"href":"https:\/\/www.esko.dk\/en\/wp-json\/wp\/v2\/pages\/881\/revisions"}],"predecessor-version":[{"id":1099,"href":"https:\/\/www.esko.dk\/en\/wp-json\/wp\/v2\/pages\/881\/revisions\/1099"}],"up":[{"embeddable":true,"href":"https:\/\/www.esko.dk\/en\/wp-json\/wp\/v2\/pages\/870"}],"wp:featuredmedia":[{"embeddable":true,"href":"https:\/\/www.esko.dk\/en\/wp-json\/wp\/v2\/media\/1096"}],"wp:attachment":[{"href":"https:\/\/www.esko.dk\/en\/wp-json\/wp\/v2\/media?parent=881"}],"curies":[{"name":"wp","href":"https:\/\/api.w.org\/{rel}","templated":true}]}}